{"id":5070,"date":"2025-04-23T10:27:01","date_gmt":"2025-04-23T08:27:01","guid":{"rendered":"https:\/\/www.caviti.es\/news\/"},"modified":"2025-05-29T13:34:39","modified_gmt":"2025-05-29T11:34:39","slug":"news","status":"publish","type":"page","link":"https:\/\/www.caviti.es\/en\/news\/","title":{"rendered":"News"},"content":{"rendered":"\t\t<div data-elementor-type=\"wp-page\" data-elementor-id=\"5070\" class=\"elementor elementor-5070 elementor-5044\" data-elementor-post-type=\"page\">\n\t\t\t\t\t\t<section class=\"elementor-section elementor-top-section elementor-element elementor-element-dfd1d07 elementor-section-height-min-height elementor-section-full_width elementor-section-items-bottom elementor-section-height-default\" data-id=\"dfd1d07\" data-element_type=\"section\" data-settings=\"{&quot;background_background&quot;:&quot;classic&quot;}\">\n\t\t\t\t\t\t\t<div class=\"elementor-background-overlay\"><\/div>\n\t\t\t\t\t\t\t<div class=\"elementor-container elementor-column-gap-default\">\n\t\t\t\t\t<div class=\"elementor-column elementor-col-100 elementor-top-column elementor-element elementor-element-0f68178\" data-id=\"0f68178\" data-element_type=\"column\">\n\t\t\t<div class=\"elementor-widget-wrap\">\n\t\t\t\t\t\t\t<\/div>\n\t\t<\/div>\n\t\t\t\t\t<\/div>\n\t\t<\/section>\n\t\t\t\t<section class=\"elementor-section elementor-top-section elementor-element elementor-element-c8aa5b1 elementor-section-boxed elementor-section-height-default elementor-section-height-default\" data-id=\"c8aa5b1\" data-element_type=\"section\">\n\t\t\t\t\t\t<div class=\"elementor-container elementor-column-gap-default\">\n\t\t\t\t\t<div class=\"elementor-column elementor-col-50 elementor-top-column elementor-element elementor-element-18ed4d5\" data-id=\"18ed4d5\" data-element_type=\"column\">\n\t\t\t<div class=\"elementor-widget-wrap elementor-element-populated\">\n\t\t\t\t\t\t<div class=\"elementor-element elementor-element-fb5c388 elementor-widget elementor-widget-heading\" data-id=\"fb5c388\" data-element_type=\"widget\" data-widget_type=\"heading.default\">\n\t\t\t\t<div class=\"elementor-widget-container\">\n\t\t\t\t\t<h2 class=\"elementor-heading-title elementor-size-default\">News and Articles<\/h2>\t\t\t\t<\/div>\n\t\t\t\t<\/div>\n\t\t\t\t\t<\/div>\n\t\t<\/div>\n\t\t\t\t<div class=\"elementor-column elementor-col-50 elementor-top-column elementor-element elementor-element-3c73bed\" data-id=\"3c73bed\" data-element_type=\"column\">\n\t\t\t<div class=\"elementor-widget-wrap elementor-element-populated\">\n\t\t\t\t\t\t<div class=\"elementor-element elementor-element-cd1c0b0 elementor-mobile-align-center elementor-widget elementor-widget-button\" data-id=\"cd1c0b0\" data-element_type=\"widget\" data-widget_type=\"button.default\">\n\t\t\t\t<div class=\"elementor-widget-container\">\n\t\t\t\t\t\t\t\t\t<div class=\"elementor-button-wrapper\">\n\t\t\t\t\t<a class=\"elementor-button elementor-button-link elementor-size-sm\" href=\"https:\/\/www.caviti.es\/en\/contact\/\" target=\"_blank\">\n\t\t\t\t\t\t<span class=\"elementor-button-content-wrapper\">\n\t\t\t\t\t\t\t\t\t<span class=\"elementor-button-text\">Subscribe to our Newsletter<\/span>\n\t\t\t\t\t<\/span>\n\t\t\t\t\t<\/a>\n\t\t\t\t<\/div>\n\t\t\t\t\t\t\t\t<\/div>\n\t\t\t\t<\/div>\n\t\t\t\t\t<\/div>\n\t\t<\/div>\n\t\t\t\t\t<\/div>\n\t\t<\/section>\n\t\t\t\t<section class=\"elementor-section elementor-top-section elementor-element elementor-element-0457f8c elementor-section-full_width elementor-section-height-default elementor-section-height-default\" data-id=\"0457f8c\" data-element_type=\"section\">\n\t\t\t\t\t\t<div class=\"elementor-container elementor-column-gap-default\">\n\t\t\t\t\t<div class=\"elementor-column elementor-col-100 elementor-top-column elementor-element elementor-element-417b201\" data-id=\"417b201\" data-element_type=\"column\">\n\t\t\t<div class=\"elementor-widget-wrap elementor-element-populated\">\n\t\t\t\t\t\t<div class=\"elementor-element elementor-element-5bc5a6f6 elementor-grid-eael-col-4 elementor-grid-tablet-eael-col-2 elementor-grid-mobile-eael-col-1 elementor-widget elementor-widget-eael-post-grid\" data-id=\"5bc5a6f6\" data-element_type=\"widget\" data-settings=\"{&quot;eael_post_grid_columns&quot;:&quot;eael-col-4&quot;,&quot;eael_post_grid_columns_tablet&quot;:&quot;eael-col-2&quot;,&quot;eael_post_grid_columns_mobile&quot;:&quot;eael-col-1&quot;}\" data-widget_type=\"eael-post-grid.default\">\n\t\t\t\t<div class=\"elementor-widget-container\">\n\t\t\t\t\t<div id=\"eael-post-grid-5bc5a6f6\" class=\"eael-post-grid-container\">\n            <div class=\"eael-post-grid eael-post-appender eael-post-appender-5bc5a6f6 eael-post-grid-style-one\" data-layout-mode=\"masonry\"><article class=\"eael-grid-post eael-post-grid-column\" data-id=\"4420\">\n        <div class=\"eael-grid-post-holder\">\n            <div class=\"eael-grid-post-holder-inner\"><div class=\"eael-entry-media\"><div class=\"eael-entry-overlay fade-in\"><i class=\"fas fa-long-arrow-alt-right\" aria-hidden=\"true\"><\/i><a href=\"https:\/\/www.caviti.es\/en\/caviti-sanitary-floor-system-moisture-due-to-capillarity\/\"><\/a><\/div><div class=\"eael-entry-thumbnail \">\n                <img fetchpriority=\"high\" decoding=\"async\" width=\"2251\" height=\"2251\" src=\"https:\/\/www.caviti.es\/wp-content\/uploads\/2025\/05\/04-1.jpeg\" class=\"attachment-full size-full wp-image-5257\" alt=\"\" srcset=\"https:\/\/www.caviti.es\/wp-content\/uploads\/2025\/05\/04-1.jpeg 2251w, https:\/\/www.caviti.es\/wp-content\/uploads\/2025\/05\/04-1-300x300.jpeg 300w, https:\/\/www.caviti.es\/wp-content\/uploads\/2025\/05\/04-1-1024x1024.jpeg 1024w, https:\/\/www.caviti.es\/wp-content\/uploads\/2025\/05\/04-1-150x150.jpeg 150w, https:\/\/www.caviti.es\/wp-content\/uploads\/2025\/05\/04-1-768x768.jpeg 768w, https:\/\/www.caviti.es\/wp-content\/uploads\/2025\/05\/04-1-1536x1536.jpeg 1536w, https:\/\/www.caviti.es\/wp-content\/uploads\/2025\/05\/04-1-2048x2048.jpeg 2048w\" sizes=\"(max-width: 2251px) 100vw, 2251px\" \/>\n            <\/div>\n        <\/div><div class=\"eael-entry-wrapper\"><header class=\"eael-entry-header\"><h2 class=\"eael-entry-title\"><a\n                        class=\"eael-grid-post-link\"\n                        href=\"https:\/\/www.caviti.es\/en\/caviti-sanitary-floor-system-moisture-due-to-capillarity\/\"\n                        title=\"C\u00e1viti Sanitary Floor System. Moisture due to capillarity\">C\u00e1viti Sanitary Floor System. Moisture due to capillarity<\/a><\/h2><\/header><\/div><\/div>\n        <\/div>\n    <\/article><article class=\"eael-grid-post eael-post-grid-column\" data-id=\"4422\">\n        <div class=\"eael-grid-post-holder\">\n            <div class=\"eael-grid-post-holder-inner\"><div class=\"eael-entry-media\"><div class=\"eael-entry-overlay fade-in\"><i class=\"fas fa-long-arrow-alt-right\" aria-hidden=\"true\"><\/i><a href=\"https:\/\/www.caviti.es\/en\/radon\/\"><\/a><\/div><div class=\"eael-entry-thumbnail \">\n                <img decoding=\"async\" width=\"2251\" height=\"2251\" src=\"https:\/\/www.caviti.es\/wp-content\/uploads\/2022\/03\/03-3.jpeg\" class=\"attachment-full size-full wp-image-5310\" alt=\"\" srcset=\"https:\/\/www.caviti.es\/wp-content\/uploads\/2022\/03\/03-3.jpeg 2251w, https:\/\/www.caviti.es\/wp-content\/uploads\/2022\/03\/03-3-300x300.jpeg 300w, https:\/\/www.caviti.es\/wp-content\/uploads\/2022\/03\/03-3-1024x1024.jpeg 1024w, https:\/\/www.caviti.es\/wp-content\/uploads\/2022\/03\/03-3-150x150.jpeg 150w, https:\/\/www.caviti.es\/wp-content\/uploads\/2022\/03\/03-3-768x768.jpeg 768w, https:\/\/www.caviti.es\/wp-content\/uploads\/2022\/03\/03-3-1536x1536.jpeg 1536w, https:\/\/www.caviti.es\/wp-content\/uploads\/2022\/03\/03-3-2048x2048.jpeg 2048w\" sizes=\"(max-width: 2251px) 100vw, 2251px\" \/>\n            <\/div>\n        <\/div><div class=\"eael-entry-wrapper\"><header class=\"eael-entry-header\"><h2 class=\"eael-entry-title\"><a\n                        class=\"eael-grid-post-link\"\n                        href=\"https:\/\/www.caviti.es\/en\/radon\/\"\n                        title=\"Radon\">Radon<\/a><\/h2><\/header><\/div><\/div>\n        <\/div>\n    <\/article><article class=\"eael-grid-post eael-post-grid-column\" data-id=\"4423\">\n        <div class=\"eael-grid-post-holder\">\n            <div class=\"eael-grid-post-holder-inner\"><div class=\"eael-entry-media\"><div class=\"eael-entry-overlay fade-in\"><i class=\"fas fa-long-arrow-alt-right\" aria-hidden=\"true\"><\/i><a href=\"https:\/\/www.caviti.es\/en\/caviti-sanitary-floor-system-the-spanish-manufacturer-offers-construction-solutions-for-cold-storage\/\"><\/a><\/div><div class=\"eael-entry-thumbnail \">\n                <img decoding=\"async\" width=\"2251\" height=\"2251\" src=\"https:\/\/www.caviti.es\/wp-content\/uploads\/2025\/05\/02-4.jpeg\" class=\"attachment-full size-full wp-image-5275\" alt=\"\" srcset=\"https:\/\/www.caviti.es\/wp-content\/uploads\/2025\/05\/02-4.jpeg 2251w, https:\/\/www.caviti.es\/wp-content\/uploads\/2025\/05\/02-4-300x300.jpeg 300w, https:\/\/www.caviti.es\/wp-content\/uploads\/2025\/05\/02-4-1024x1024.jpeg 1024w, https:\/\/www.caviti.es\/wp-content\/uploads\/2025\/05\/02-4-150x150.jpeg 150w, https:\/\/www.caviti.es\/wp-content\/uploads\/2025\/05\/02-4-768x768.jpeg 768w, https:\/\/www.caviti.es\/wp-content\/uploads\/2025\/05\/02-4-1536x1536.jpeg 1536w, https:\/\/www.caviti.es\/wp-content\/uploads\/2025\/05\/02-4-2048x2048.jpeg 2048w\" sizes=\"(max-width: 2251px) 100vw, 2251px\" \/>\n            <\/div>\n        <\/div><div class=\"eael-entry-wrapper\"><header class=\"eael-entry-header\"><h2 class=\"eael-entry-title\"><a\n                        class=\"eael-grid-post-link\"\n                        href=\"https:\/\/www.caviti.es\/en\/caviti-sanitary-floor-system-the-spanish-manufacturer-offers-construction-solutions-for-cold-storage\/\"\n                        title=\"C\u00e1viti Sanitary Floor System. The Spanish manufacturer offers construction solutions for cold storage.\">C\u00e1viti Sanitary Floor System. The Spanish manufacturer offers construction solutions for cold storage.<\/a><\/h2><\/header><\/div><\/div>\n        <\/div>\n    <\/article><\/div>\n            <div class=\"clearfix\"><\/div>\n        <\/div>\t\t\t\t<\/div>\n\t\t\t\t<\/div>\n\t\t\t\t\t<\/div>\n\t\t<\/div>\n\t\t\t\t\t<\/div>\n\t\t<\/section>\n\t\t\t\t<\/div>\n\t\t","protected":false},"excerpt":{"rendered":"<p>News and Articles Subscribe to our Newsletter As\u00ed transforma CAVITI la construcci\u00f3n de forjados sanitarios Conoce la app de CAVITI 25 a\u00f1os construyendo el futuro con compromiso y sostenibilidad La construcci\u00f3n del futuro es sostenible. En CAVITI, somos pioneros en este cambio. Proyectos que hablan por s\u00ed mismos: la importancia de elegir CAVITI como tu [&hellip;]<\/p>\n","protected":false},"author":2,"featured_media":0,"parent":0,"menu_order":0,"comment_status":"closed","ping_status":"closed","template":"","meta":{"_acf_changed":false,"inline_featured_image":false,"footnotes":""},"class_list":["post-5070","page","type-page","status-publish","hentry"],"acf":[],"yoast_head":"<!-- This site is optimized with the Yoast SEO plugin v25.1 - https:\/\/yoast.com\/wordpress\/plugins\/seo\/ -->\n<title>CAVITI News on Innovation in Formwork and Sustainable Construction<\/title>\n<meta name=\"description\" content=\"Stay updated with the latest CAVITI news on formwork systems, sustainable construction, technology, and industry advancements.\" \/>\n<meta name=\"robots\" content=\"index, follow, max-snippet:-1, max-image-preview:large, max-video-preview:-1\" \/>\n<link rel=\"canonical\" href=\"https:\/\/www.caviti.es\/en\/news\/\" \/>\n<meta property=\"og:locale\" content=\"en_US\" \/>\n<meta property=\"og:type\" content=\"article\" \/>\n<meta property=\"og:title\" content=\"CAVITI News on Innovation in Formwork and Sustainable Construction\" \/>\n<meta property=\"og:description\" content=\"Stay updated with the latest CAVITI news on formwork systems, sustainable construction, technology, and industry advancements.\" \/>\n<meta property=\"og:url\" content=\"https:\/\/www.caviti.es\/en\/news\/\" \/>\n<meta property=\"og:site_name\" content=\"Caviti\" \/>\n<meta property=\"article:modified_time\" content=\"2025-05-29T11:34:39+00:00\" \/>\n<meta property=\"og:image\" content=\"https:\/\/www.caviti.es\/wp-content\/uploads\/2025\/05\/03-1.jpeg\" \/>\n\t<meta property=\"og:image:width\" content=\"2251\" \/>\n\t<meta property=\"og:image:height\" content=\"2251\" \/>\n\t<meta property=\"og:image:type\" content=\"image\/jpeg\" \/>\n<meta name=\"twitter:card\" content=\"summary_large_image\" \/>\n<script type=\"application\/ld+json\" class=\"yoast-schema-graph\">{\"@context\":\"https:\/\/schema.org\",\"@graph\":[{\"@type\":\"WebPage\",\"@id\":\"https:\/\/www.caviti.es\/en\/news\/\",\"url\":\"https:\/\/www.caviti.es\/en\/news\/\",\"name\":\"CAVITI News on Innovation in Formwork and Sustainable Construction\",\"isPartOf\":{\"@id\":\"https:\/\/www.caviti.es\/en\/#website\"},\"primaryImageOfPage\":{\"@id\":\"https:\/\/www.caviti.es\/en\/news\/#primaryimage\"},\"image\":{\"@id\":\"https:\/\/www.caviti.es\/en\/news\/#primaryimage\"},\"thumbnailUrl\":\"https:\/\/www.caviti.es\/wp-content\/uploads\/2025\/05\/03-1.jpeg\",\"datePublished\":\"2025-04-23T08:27:01+00:00\",\"dateModified\":\"2025-05-29T11:34:39+00:00\",\"description\":\"Stay updated with the latest CAVITI news on formwork systems, sustainable construction, technology, and industry advancements.\",\"breadcrumb\":{\"@id\":\"https:\/\/www.caviti.es\/en\/news\/#breadcrumb\"},\"inLanguage\":\"en-US\",\"potentialAction\":[{\"@type\":\"ReadAction\",\"target\":[\"https:\/\/www.caviti.es\/en\/news\/\"]}]},{\"@type\":\"ImageObject\",\"inLanguage\":\"en-US\",\"@id\":\"https:\/\/www.caviti.es\/en\/news\/#primaryimage\",\"url\":\"https:\/\/www.caviti.es\/wp-content\/uploads\/2025\/05\/03-1.jpeg\",\"contentUrl\":\"https:\/\/www.caviti.es\/wp-content\/uploads\/2025\/05\/03-1.jpeg\"},{\"@type\":\"BreadcrumbList\",\"@id\":\"https:\/\/www.caviti.es\/en\/news\/#breadcrumb\",\"itemListElement\":[{\"@type\":\"ListItem\",\"position\":1,\"name\":\"Home\",\"item\":\"https:\/\/www.caviti.es\/en\/home\/\"},{\"@type\":\"ListItem\",\"position\":2,\"name\":\"News\"}]},{\"@type\":\"WebSite\",\"@id\":\"https:\/\/www.caviti.es\/en\/#website\",\"url\":\"https:\/\/www.caviti.es\/en\/\",\"name\":\"Caviti\",\"description\":\"Sistema de encofrados para la construcci\u00f3n\",\"publisher\":{\"@id\":\"https:\/\/www.caviti.es\/en\/#organization\"},\"potentialAction\":[{\"@type\":\"SearchAction\",\"target\":{\"@type\":\"EntryPoint\",\"urlTemplate\":\"https:\/\/www.caviti.es\/en\/?s={search_term_string}\"},\"query-input\":{\"@type\":\"PropertyValueSpecification\",\"valueRequired\":true,\"valueName\":\"search_term_string\"}}],\"inLanguage\":\"en-US\"},{\"@type\":\"Organization\",\"@id\":\"https:\/\/www.caviti.es\/en\/#organization\",\"name\":\"Caviti\",\"url\":\"https:\/\/www.caviti.es\/en\/\",\"logo\":{\"@type\":\"ImageObject\",\"inLanguage\":\"en-US\",\"@id\":\"https:\/\/www.caviti.es\/en\/#\/schema\/logo\/image\/\",\"url\":\"https:\/\/www.caviti.es\/wp-content\/uploads\/2022\/07\/logo-caviti.svg\",\"contentUrl\":\"https:\/\/www.caviti.es\/wp-content\/uploads\/2022\/07\/logo-caviti.svg\",\"width\":638,\"height\":148,\"caption\":\"Caviti\"},\"image\":{\"@id\":\"https:\/\/www.caviti.es\/en\/#\/schema\/logo\/image\/\"}}]}<\/script>\n<!-- \/ Yoast SEO plugin. -->","yoast_head_json":{"title":"CAVITI News on Innovation in Formwork and Sustainable Construction","description":"Stay updated with the latest CAVITI news on formwork systems, sustainable construction, technology, and industry advancements.","robots":{"index":"index","follow":"follow","max-snippet":"max-snippet:-1","max-image-preview":"max-image-preview:large","max-video-preview":"max-video-preview:-1"},"canonical":"https:\/\/www.caviti.es\/en\/news\/","og_locale":"en_US","og_type":"article","og_title":"CAVITI News on Innovation in Formwork and Sustainable Construction","og_description":"Stay updated with the latest CAVITI news on formwork systems, sustainable construction, technology, and industry advancements.","og_url":"https:\/\/www.caviti.es\/en\/news\/","og_site_name":"Caviti","article_modified_time":"2025-05-29T11:34:39+00:00","og_image":[{"width":2251,"height":2251,"url":"https:\/\/www.caviti.es\/wp-content\/uploads\/2025\/05\/03-1.jpeg","type":"image\/jpeg"}],"twitter_card":"summary_large_image","schema":{"@context":"https:\/\/schema.org","@graph":[{"@type":"WebPage","@id":"https:\/\/www.caviti.es\/en\/news\/","url":"https:\/\/www.caviti.es\/en\/news\/","name":"CAVITI News on Innovation in Formwork and Sustainable Construction","isPartOf":{"@id":"https:\/\/www.caviti.es\/en\/#website"},"primaryImageOfPage":{"@id":"https:\/\/www.caviti.es\/en\/news\/#primaryimage"},"image":{"@id":"https:\/\/www.caviti.es\/en\/news\/#primaryimage"},"thumbnailUrl":"https:\/\/www.caviti.es\/wp-content\/uploads\/2025\/05\/03-1.jpeg","datePublished":"2025-04-23T08:27:01+00:00","dateModified":"2025-05-29T11:34:39+00:00","description":"Stay updated with the latest CAVITI news on formwork systems, sustainable construction, technology, and industry advancements.","breadcrumb":{"@id":"https:\/\/www.caviti.es\/en\/news\/#breadcrumb"},"inLanguage":"en-US","potentialAction":[{"@type":"ReadAction","target":["https:\/\/www.caviti.es\/en\/news\/"]}]},{"@type":"ImageObject","inLanguage":"en-US","@id":"https:\/\/www.caviti.es\/en\/news\/#primaryimage","url":"https:\/\/www.caviti.es\/wp-content\/uploads\/2025\/05\/03-1.jpeg","contentUrl":"https:\/\/www.caviti.es\/wp-content\/uploads\/2025\/05\/03-1.jpeg"},{"@type":"BreadcrumbList","@id":"https:\/\/www.caviti.es\/en\/news\/#breadcrumb","itemListElement":[{"@type":"ListItem","position":1,"name":"Home","item":"https:\/\/www.caviti.es\/en\/home\/"},{"@type":"ListItem","position":2,"name":"News"}]},{"@type":"WebSite","@id":"https:\/\/www.caviti.es\/en\/#website","url":"https:\/\/www.caviti.es\/en\/","name":"Caviti","description":"Sistema de encofrados para la construcci\u00f3n","publisher":{"@id":"https:\/\/www.caviti.es\/en\/#organization"},"potentialAction":[{"@type":"SearchAction","target":{"@type":"EntryPoint","urlTemplate":"https:\/\/www.caviti.es\/en\/?s={search_term_string}"},"query-input":{"@type":"PropertyValueSpecification","valueRequired":true,"valueName":"search_term_string"}}],"inLanguage":"en-US"},{"@type":"Organization","@id":"https:\/\/www.caviti.es\/en\/#organization","name":"Caviti","url":"https:\/\/www.caviti.es\/en\/","logo":{"@type":"ImageObject","inLanguage":"en-US","@id":"https:\/\/www.caviti.es\/en\/#\/schema\/logo\/image\/","url":"https:\/\/www.caviti.es\/wp-content\/uploads\/2022\/07\/logo-caviti.svg","contentUrl":"https:\/\/www.caviti.es\/wp-content\/uploads\/2022\/07\/logo-caviti.svg","width":638,"height":148,"caption":"Caviti"},"image":{"@id":"https:\/\/www.caviti.es\/en\/#\/schema\/logo\/image\/"}}]}},"_links":{"self":[{"href":"https:\/\/www.caviti.es\/en\/wp-json\/wp\/v2\/pages\/5070","targetHints":{"allow":["GET"]}}],"collection":[{"href":"https:\/\/www.caviti.es\/en\/wp-json\/wp\/v2\/pages"}],"about":[{"href":"https:\/\/www.caviti.es\/en\/wp-json\/wp\/v2\/types\/page"}],"author":[{"embeddable":true,"href":"https:\/\/www.caviti.es\/en\/wp-json\/wp\/v2\/users\/2"}],"replies":[{"embeddable":true,"href":"https:\/\/www.caviti.es\/en\/wp-json\/wp\/v2\/comments?post=5070"}],"version-history":[{"count":6,"href":"https:\/\/www.caviti.es\/en\/wp-json\/wp\/v2\/pages\/5070\/revisions"}],"predecessor-version":[{"id":5308,"href":"https:\/\/www.caviti.es\/en\/wp-json\/wp\/v2\/pages\/5070\/revisions\/5308"}],"wp:attachment":[{"href":"https:\/\/www.caviti.es\/en\/wp-json\/wp\/v2\/media?parent=5070"}],"curies":[{"name":"wp","href":"https:\/\/api.w.org\/{rel}","templated":true}]}}