{"id":4418,"date":"2021-09-27T12:04:45","date_gmt":"2021-09-27T10:04:45","guid":{"rendered":"https:\/\/www.caviti.es\/sustainability\/"},"modified":"2025-04-23T14:31:06","modified_gmt":"2025-04-23T12:31:06","slug":"sustainability","status":"publish","type":"page","link":"https:\/\/www.caviti.es\/en\/sustainability\/","title":{"rendered":"Sustainability"},"content":{"rendered":"\t\t<div data-elementor-type=\"wp-page\" data-elementor-id=\"4418\" class=\"elementor elementor-4418 elementor-173\" data-elementor-post-type=\"page\">\n\t\t\t\t\t\t<section class=\"elementor-section elementor-top-section elementor-element elementor-element-d8b29c7 elementor-section-height-min-height elementor-section-full_width elementor-section-items-bottom elementor-section-height-default\" data-id=\"d8b29c7\" data-element_type=\"section\" data-settings=\"{&quot;background_background&quot;:&quot;classic&quot;}\">\n\t\t\t\t\t\t\t<div class=\"elementor-background-overlay\"><\/div>\n\t\t\t\t\t\t\t<div class=\"elementor-container elementor-column-gap-default\">\n\t\t\t\t\t<div class=\"elementor-column elementor-col-100 elementor-top-column elementor-element elementor-element-1a7af8f\" data-id=\"1a7af8f\" data-element_type=\"column\">\n\t\t\t<div class=\"elementor-widget-wrap elementor-element-populated\">\n\t\t\t\t\t\t<div class=\"elementor-element elementor-element-7654cff elementor-cta--layout-image-right elementor-cta--valign-bottom caja-cabecera elementor-cta--skin-classic elementor-animated-content elementor-bg-transform elementor-bg-transform-zoom-in elementor-widget elementor-widget-call-to-action\" data-id=\"7654cff\" data-element_type=\"widget\" data-widget_type=\"call-to-action.default\">\n\t\t\t\t<div class=\"elementor-widget-container\">\n\t\t\t\t\t\t\t<div class=\"elementor-cta\">\n\t\t\t\t\t\t\t<div class=\"elementor-cta__content\">\n\t\t\t\t\n\t\t\t\t\t\t\t\t\t<h1 class=\"elementor-cta__title elementor-cta__content-item elementor-content-item\">\n\t\t\t\t\t\tSustainability\t\t\t\t\t<\/h1>\n\t\t\t\t\n\t\t\t\t\t\t\t\t\t<div class=\"elementor-cta__description elementor-cta__content-item elementor-content-item\">\n\t\t\t\t\t\t<p>Our entrepreneurial model is based on the use of wholly recycled raw materials, alongside other standpoints. Long before the current dynamics became commonplace, more than 15 years ago, we began working with recycled plastic, adapting the design of our products to these and sizing the same as per the needs of the project and regulatory standards in the construction sector.<\/p>\n\t\t\t\t\t<\/div>\n\t\t\t\t\n\t\t\t\t\t\t\t<\/div>\n\t\t\t\t\t\t<\/div>\n\t\t\t\t\t\t<\/div>\n\t\t\t\t<\/div>\n\t\t\t\t\t<\/div>\n\t\t<\/div>\n\t\t\t\t\t<\/div>\n\t\t<\/section>\n\t\t\t\t<section class=\"elementor-section elementor-top-section elementor-element elementor-element-5f37c64 elementor-section-content-top elementor-section-boxed elementor-section-height-default elementor-section-height-default\" data-id=\"5f37c64\" data-element_type=\"section\">\n\t\t\t\t\t\t<div class=\"elementor-container elementor-column-gap-extended\">\n\t\t\t\t\t<div class=\"elementor-column elementor-col-33 elementor-top-column elementor-element elementor-element-04b7d5e\" data-id=\"04b7d5e\" data-element_type=\"column\">\n\t\t\t<div class=\"elementor-widget-wrap elementor-element-populated\">\n\t\t\t\t\t\t<div class=\"elementor-element elementor-element-162a26c elementor-widget elementor-widget-image-box\" data-id=\"162a26c\" data-element_type=\"widget\" data-widget_type=\"image-box.default\">\n\t\t\t\t<div class=\"elementor-widget-container\">\n\t\t\t\t\t<div class=\"elementor-image-box-wrapper\"><div class=\"elementor-image-box-content\"><h3 class=\"elementor-image-box-title\">Recycling<\/h3><p class=\"elementor-image-box-description\">En estos tiempos en los que los residuos pl\u00e1sticos son un problema serio, el poder aportar soluciones \u00fatiles que, a partir de la reutilizaci\u00f3n y valorizaci\u00f3n de los mismos, genere valor a\u00f1adido es una de las cuestiones que nos motiva.\n<\/br><\/br>\nNuestros productos se fabrican a partir de pl\u00e1sticos 100% reciclados, mediante un proceso sencillo, sin emisiones, y con m\u00ednimos consumos de agua y electricidad.\n<\/br><\/br>\n<img decoding=\"async\" src=\"https:\/\/www.caviti.es\/wp-content\/uploads\/2022\/04\/Icono-EPD-para-Sostenibilidad.jpg\" class=\"img-epd\">\n<\/p><\/div><\/div>\t\t\t\t<\/div>\n\t\t\t\t<\/div>\n\t\t\t\t\t<\/div>\n\t\t<\/div>\n\t\t\t\t<div class=\"elementor-column elementor-col-33 elementor-top-column elementor-element elementor-element-0ff732a\" data-id=\"0ff732a\" data-element_type=\"column\">\n\t\t\t<div class=\"elementor-widget-wrap elementor-element-populated\">\n\t\t\t\t\t\t<div class=\"elementor-element elementor-element-143dfca elementor-widget elementor-widget-image-box\" data-id=\"143dfca\" data-element_type=\"widget\" data-widget_type=\"image-box.default\">\n\t\t\t\t<div class=\"elementor-widget-container\">\n\t\t\t\t\t<div class=\"elementor-image-box-wrapper\"><div class=\"elementor-image-box-content\"><h3 class=\"elementor-image-box-title\">EPD<\/h3><p class=\"elementor-image-box-description\">We work towards a society in evolution, for a sector undergoing continuous improvement, and that improvement must be documented and accredited, as our clients demand of us. \n<br><br>In 2021, C\u00e1viti was accredited by the International EPD\u00ae System and we published the DAP (Environmental Product Declaration) dossier for the C\u00e1viti slab formwork solution.\nThis document analyzes, according to international standards, the consumption and resources used during its manufacturing, installation, operational life, and, once its useful life ends, in the demolition phase and final disposal of debris. \n\n<br><br>In the same way, it quantifies the carbon footprint and certifies the use of recycled plastics.\n<br><br><a target=\"\u201d_blank\u201d\" href=\"https:\/\/www.caviti.es\/wp-content\/uploads\/2022\/04\/DAP-EPD-registration-certificate.pdf\">View EPD verification<\/a><\/p><\/div><\/div>\t\t\t\t<\/div>\n\t\t\t\t<\/div>\n\t\t\t\t\t<\/div>\n\t\t<\/div>\n\t\t\t\t<div class=\"elementor-column elementor-col-33 elementor-top-column elementor-element elementor-element-51e32cb\" data-id=\"51e32cb\" data-element_type=\"column\">\n\t\t\t<div class=\"elementor-widget-wrap elementor-element-populated\">\n\t\t\t\t\t\t<div class=\"elementor-element elementor-element-6938846 elementor-widget elementor-widget-image\" data-id=\"6938846\" data-element_type=\"widget\" data-widget_type=\"image.default\">\n\t\t\t\t<div class=\"elementor-widget-container\">\n\t\t\t\t\t\t\t\t\t\t\t\t\t\t\t<img fetchpriority=\"high\" decoding=\"async\" width=\"1920\" height=\"2560\" src=\"https:\/\/www.caviti.es\/wp-content\/uploads\/2022\/03\/caviti-verde-scaled.jpg\" class=\"attachment-full size-full wp-image-4182\" alt=\"\" srcset=\"https:\/\/www.caviti.es\/wp-content\/uploads\/2022\/03\/caviti-verde-scaled.jpg 1920w, https:\/\/www.caviti.es\/wp-content\/uploads\/2022\/03\/caviti-verde-225x300.jpg 225w, https:\/\/www.caviti.es\/wp-content\/uploads\/2022\/03\/caviti-verde-768x1024.jpg 768w, https:\/\/www.caviti.es\/wp-content\/uploads\/2022\/03\/caviti-verde-1152x1536.jpg 1152w, https:\/\/www.caviti.es\/wp-content\/uploads\/2022\/03\/caviti-verde-1536x2048.jpg 1536w\" sizes=\"(max-width: 1920px) 100vw, 1920px\" \/>\t\t\t\t\t\t\t\t\t\t\t\t\t\t\t<\/div>\n\t\t\t\t<\/div>\n\t\t\t\t\t<\/div>\n\t\t<\/div>\n\t\t\t\t\t<\/div>\n\t\t<\/section>\n\t\t\t\t<section class=\"elementor-section elementor-top-section elementor-element elementor-element-8de2eeb elementor-section-boxed elementor-section-height-default elementor-section-height-default\" data-id=\"8de2eeb\" data-element_type=\"section\" data-settings=\"{&quot;background_background&quot;:&quot;classic&quot;}\">\n\t\t\t\t\t\t<div class=\"elementor-container elementor-column-gap-default\">\n\t\t\t\t\t<div class=\"elementor-column elementor-col-100 elementor-top-column elementor-element elementor-element-a0a2ca7\" data-id=\"a0a2ca7\" data-element_type=\"column\">\n\t\t\t<div class=\"elementor-widget-wrap elementor-element-populated\">\n\t\t\t\t\t\t<div class=\"elementor-element elementor-element-5ef38ae elementor-widget elementor-widget-shortcode\" data-id=\"5ef38ae\" data-element_type=\"widget\" data-widget_type=\"shortcode.default\">\n\t\t\t\t<div class=\"elementor-widget-container\">\n\t\t\t\t\t\t\t<div class=\"elementor-shortcode\">\n\t<section id=\"slider_caviti\"><div class=\"slider_caviti\">\n\t\t\t\t\t<div class=\"slider_caviti__wrapper\"><div class=\"slider_caviti__item\">\n\t\t\t\t\t\t\t\t\t<div class=\"slider_caviti__cont\">\n\t\t\t\t\t\t\t\t\t\t<p class=\"titulo_cabecera\">Cold storage<\/p>\n\t\t\t\t\t\t\t\t\t\t<p class=\"contenido-slider\">The use of the Caviti System as a ventilated floor in refrigeration installations is an optimal choice.\r\nThe solution with Caviti products prevents ground condensation which in the event of loss of cold, can lead to ground freezing. Furthermore, this is performed by eliminating the high maintenance costs of other solutions based on heated floors or glycol installations. \r\nAsk us how to size the floor based on the loads, geometry and casuistry of your project.<\/p>\t\t\n\t\t\t\t\t\t\t\t\t\t<a href=https:\/\/www.caviti.es\/en\/caviti-sanitary-floor-system-the-spanish-manufacturer-offers-construction-solutions-for-cold-storage\/ class=\"enlace-slider\">Read article<\/a>\t\n\t\t\t\t\t\t\t\t\t<\/div>\n\t\t\t\t\t\t\t\t<\/div><div class=\"slider_caviti__item\">\n\t\t\t\t\t\t\t\t\t<div class=\"slider_caviti__cont\">\n\t\t\t\t\t\t\t\t\t\t<p class=\"titulo_cabecera\">Radon<\/p>\n\t\t\t\t\t\t\t\t\t\t<p class=\"contenido-slider\">The recent addition to the Technical Building Code (CTE) of criteria and guidelines for the control of emissions of this gas, has allowed us to contribute good practices for compliance with said standard.\r\nQuantitatively, the ventilation points of the Caviti chamber must be clearly defined and then sized accordingly.\r\nBased on the list of municipalities that include the standard and that indicates those affected by HS6, we will define in number, section and position, the placement of ventilation points of the Caviti chamber.\r\nWe work alongside you in the sizing of these elements.<\/p>\t\t\n\t\t\t\t\t\t\t\t\t\t<a href=https:\/\/www.caviti.es\/en\/radon\/ class=\"enlace-slider\">Read article<\/a>\t\n\t\t\t\t\t\t\t\t\t<\/div>\n\t\t\t\t\t\t\t\t<\/div><div class=\"slider_caviti__item\">\n\t\t\t\t\t\t\t\t\t<div class=\"slider_caviti__cont\">\n\t\t\t\t\t\t\t\t\t\t<p class=\"titulo_cabecera\">Health-humidity<\/p>\n\t\t\t\t\t\t\t\t\t\t<p class=\"contenido-slider\">The CTE, since its entry into use, has marked as necessary the control of humidity or damp in our buildings. This is still an issue that improves their health and ultimately that of their tenants.\r\nThe basic document HS1 sets out the minimum guidelines from which a properly ventilated screed will prevent the appearance of these pathologies. \r\nThe Caviti screed facilitates the ventilation of the sanitary chamber without bearing capacity limitations and greatly simplifying the fitting of self-supporting slabs or other types of solutions.\r\nThese ventilation points must be properly sized and situated, so that in a natural way we renew the volume of air in it, thereby avoiding condensation. There will be situations in which immediate compliance with the standard is complex, and solutions must be devised that, with similar criteria, fulfil the same task.\r\nTell us how we can help you.<\/p>\t\t\n\t\t\t\t\t\t\t\t\t\t<a href=https:\/\/www.caviti.es\/en\/caviti-sanitary-floor-system-moisture-due-to-capillarity\/ class=\"enlace-slider\">Read article<\/a>\t\n\t\t\t\t\t\t\t\t\t<\/div>\n\t\t\t\t\t\t\t\t<\/div><\/div>\n\t\t\t<\/div><\/div>\n\t\t\t\t\t\t<\/div>\n\t\t\t\t<\/div>\n\t\t\t\t\t<\/div>\n\t\t<\/div>\n\t\t\t\t\t<\/div>\n\t\t<\/section>\n\t\t\t\t<section class=\"elementor-section elementor-top-section elementor-element elementor-element-fe2cbf6 elementor-section-boxed elementor-section-height-default elementor-section-height-default\" data-id=\"fe2cbf6\" data-element_type=\"section\">\n\t\t\t\t\t\t<div class=\"elementor-container elementor-column-gap-default\">\n\t\t\t\t\t<div class=\"elementor-column elementor-col-100 elementor-top-column elementor-element elementor-element-c835f9e\" data-id=\"c835f9e\" data-element_type=\"column\">\n\t\t\t<div class=\"elementor-widget-wrap elementor-element-populated\">\n\t\t\t\t\t\t<div class=\"elementor-element elementor-element-1ba3845 elementor-align-center elementor-mobile-align-center elementor-widget elementor-widget-button\" data-id=\"1ba3845\" data-element_type=\"widget\" data-widget_type=\"button.default\">\n\t\t\t\t<div class=\"elementor-widget-container\">\n\t\t\t\t\t\t\t\t\t<div class=\"elementor-button-wrapper\">\n\t\t\t\t\t<a class=\"elementor-button elementor-button-link elementor-size-sm\" href=\"https:\/\/www.caviti.es\/en\/contact\/\">\n\t\t\t\t\t\t<span class=\"elementor-button-content-wrapper\">\n\t\t\t\t\t\t<span class=\"elementor-button-icon\">\n\t\t\t\t<i aria-hidden=\"true\" class=\"fas fa-check\"><\/i>\t\t\t<\/span>\n\t\t\t\t\t\t\t\t\t<span class=\"elementor-button-text\">Request a Quote<\/span>\n\t\t\t\t\t<\/span>\n\t\t\t\t\t<\/a>\n\t\t\t\t<\/div>\n\t\t\t\t\t\t\t\t<\/div>\n\t\t\t\t<\/div>\n\t\t\t\t\t<\/div>\n\t\t<\/div>\n\t\t\t\t\t<\/div>\n\t\t<\/section>\n\t\t\t\t<\/div>\n\t\t","protected":false},"excerpt":{"rendered":"<p>Sustainability Our entrepreneurial model is based on the use of wholly recycled raw materials, alongside other standpoints. Long before the current dynamics became commonplace, more than 15 years ago, we began working with recycled plastic, adapting the design of our products to these and sizing the same as per the needs of the project and [&hellip;]<\/p>\n","protected":false},"author":2,"featured_media":0,"parent":0,"menu_order":0,"comment_status":"closed","ping_status":"closed","template":"","meta":{"_acf_changed":false,"inline_featured_image":false,"footnotes":""},"class_list":["post-4418","page","type-page","status-publish","hentry"],"acf":[],"yoast_head":"<!-- This site is optimized with the Yoast SEO plugin v25.1 - https:\/\/yoast.com\/wordpress\/plugins\/seo\/ -->\n<title>Sustainability in Construction with CAVITI: Eco-Friendly Formwork Solutions<\/title>\n<meta name=\"description\" content=\"Discover how CAVITI promotes sustainability in construction through innovative and environmentally friendly formwork solutions.\" \/>\n<meta name=\"robots\" content=\"index, follow, max-snippet:-1, max-image-preview:large, max-video-preview:-1\" \/>\n<link rel=\"canonical\" href=\"https:\/\/www.caviti.es\/en\/sustainability\/\" \/>\n<meta property=\"og:locale\" content=\"en_US\" \/>\n<meta property=\"og:type\" content=\"article\" \/>\n<meta property=\"og:title\" content=\"Sustainability in Construction with CAVITI: Eco-Friendly Formwork Solutions\" \/>\n<meta property=\"og:description\" content=\"Discover how CAVITI promotes sustainability in construction through innovative and environmentally friendly formwork solutions.\" \/>\n<meta property=\"og:url\" content=\"https:\/\/www.caviti.es\/en\/sustainability\/\" \/>\n<meta property=\"og:site_name\" content=\"Caviti\" \/>\n<meta property=\"article:modified_time\" content=\"2025-04-23T12:31:06+00:00\" \/>\n<meta property=\"og:image\" content=\"https:\/\/www.caviti.es\/wp-content\/uploads\/2022\/04\/Icono-EPD-para-Sostenibilidad.jpg\" \/>\n<meta name=\"twitter:card\" content=\"summary_large_image\" \/>\n<meta name=\"twitter:label1\" content=\"Est. reading time\" \/>\n\t<meta name=\"twitter:data1\" content=\"1 minute\" \/>\n<script type=\"application\/ld+json\" class=\"yoast-schema-graph\">{\"@context\":\"https:\/\/schema.org\",\"@graph\":[{\"@type\":\"WebPage\",\"@id\":\"https:\/\/www.caviti.es\/en\/sustainability\/\",\"url\":\"https:\/\/www.caviti.es\/en\/sustainability\/\",\"name\":\"Sustainability in Construction with CAVITI: Eco-Friendly Formwork Solutions\",\"isPartOf\":{\"@id\":\"https:\/\/www.caviti.es\/en\/#website\"},\"primaryImageOfPage\":{\"@id\":\"https:\/\/www.caviti.es\/en\/sustainability\/#primaryimage\"},\"image\":{\"@id\":\"https:\/\/www.caviti.es\/en\/sustainability\/#primaryimage\"},\"thumbnailUrl\":\"https:\/\/www.caviti.es\/wp-content\/uploads\/2022\/04\/Icono-EPD-para-Sostenibilidad.jpg\",\"datePublished\":\"2021-09-27T10:04:45+00:00\",\"dateModified\":\"2025-04-23T12:31:06+00:00\",\"description\":\"Discover how CAVITI promotes sustainability in construction through innovative and environmentally friendly formwork solutions.\",\"breadcrumb\":{\"@id\":\"https:\/\/www.caviti.es\/en\/sustainability\/#breadcrumb\"},\"inLanguage\":\"en-US\",\"potentialAction\":[{\"@type\":\"ReadAction\",\"target\":[\"https:\/\/www.caviti.es\/en\/sustainability\/\"]}]},{\"@type\":\"ImageObject\",\"inLanguage\":\"en-US\",\"@id\":\"https:\/\/www.caviti.es\/en\/sustainability\/#primaryimage\",\"url\":\"https:\/\/www.caviti.es\/wp-content\/uploads\/2022\/04\/Icono-EPD-para-Sostenibilidad.jpg\",\"contentUrl\":\"https:\/\/www.caviti.es\/wp-content\/uploads\/2022\/04\/Icono-EPD-para-Sostenibilidad.jpg\"},{\"@type\":\"BreadcrumbList\",\"@id\":\"https:\/\/www.caviti.es\/en\/sustainability\/#breadcrumb\",\"itemListElement\":[{\"@type\":\"ListItem\",\"position\":1,\"name\":\"Home\",\"item\":\"https:\/\/www.caviti.es\/en\/home\/\"},{\"@type\":\"ListItem\",\"position\":2,\"name\":\"Sustainability\"}]},{\"@type\":\"WebSite\",\"@id\":\"https:\/\/www.caviti.es\/en\/#website\",\"url\":\"https:\/\/www.caviti.es\/en\/\",\"name\":\"Caviti\",\"description\":\"Sistema de encofrados para la construcci\u00f3n\",\"publisher\":{\"@id\":\"https:\/\/www.caviti.es\/en\/#organization\"},\"potentialAction\":[{\"@type\":\"SearchAction\",\"target\":{\"@type\":\"EntryPoint\",\"urlTemplate\":\"https:\/\/www.caviti.es\/en\/?s={search_term_string}\"},\"query-input\":{\"@type\":\"PropertyValueSpecification\",\"valueRequired\":true,\"valueName\":\"search_term_string\"}}],\"inLanguage\":\"en-US\"},{\"@type\":\"Organization\",\"@id\":\"https:\/\/www.caviti.es\/en\/#organization\",\"name\":\"Caviti\",\"url\":\"https:\/\/www.caviti.es\/en\/\",\"logo\":{\"@type\":\"ImageObject\",\"inLanguage\":\"en-US\",\"@id\":\"https:\/\/www.caviti.es\/en\/#\/schema\/logo\/image\/\",\"url\":\"https:\/\/www.caviti.es\/wp-content\/uploads\/2022\/07\/logo-caviti.svg\",\"contentUrl\":\"https:\/\/www.caviti.es\/wp-content\/uploads\/2022\/07\/logo-caviti.svg\",\"width\":638,\"height\":148,\"caption\":\"Caviti\"},\"image\":{\"@id\":\"https:\/\/www.caviti.es\/en\/#\/schema\/logo\/image\/\"}}]}<\/script>\n<!-- \/ Yoast SEO plugin. -->","yoast_head_json":{"title":"Sustainability in Construction with CAVITI: Eco-Friendly Formwork Solutions","description":"Discover how CAVITI promotes sustainability in construction through innovative and environmentally friendly formwork solutions.","robots":{"index":"index","follow":"follow","max-snippet":"max-snippet:-1","max-image-preview":"max-image-preview:large","max-video-preview":"max-video-preview:-1"},"canonical":"https:\/\/www.caviti.es\/en\/sustainability\/","og_locale":"en_US","og_type":"article","og_title":"Sustainability in Construction with CAVITI: Eco-Friendly Formwork Solutions","og_description":"Discover how CAVITI promotes sustainability in construction through innovative and environmentally friendly formwork solutions.","og_url":"https:\/\/www.caviti.es\/en\/sustainability\/","og_site_name":"Caviti","article_modified_time":"2025-04-23T12:31:06+00:00","og_image":[{"url":"https:\/\/www.caviti.es\/wp-content\/uploads\/2022\/04\/Icono-EPD-para-Sostenibilidad.jpg","type":"","width":"","height":""}],"twitter_card":"summary_large_image","twitter_misc":{"Est. reading time":"1 minute"},"schema":{"@context":"https:\/\/schema.org","@graph":[{"@type":"WebPage","@id":"https:\/\/www.caviti.es\/en\/sustainability\/","url":"https:\/\/www.caviti.es\/en\/sustainability\/","name":"Sustainability in Construction with CAVITI: Eco-Friendly Formwork Solutions","isPartOf":{"@id":"https:\/\/www.caviti.es\/en\/#website"},"primaryImageOfPage":{"@id":"https:\/\/www.caviti.es\/en\/sustainability\/#primaryimage"},"image":{"@id":"https:\/\/www.caviti.es\/en\/sustainability\/#primaryimage"},"thumbnailUrl":"https:\/\/www.caviti.es\/wp-content\/uploads\/2022\/04\/Icono-EPD-para-Sostenibilidad.jpg","datePublished":"2021-09-27T10:04:45+00:00","dateModified":"2025-04-23T12:31:06+00:00","description":"Discover how CAVITI promotes sustainability in construction through innovative and environmentally friendly formwork solutions.","breadcrumb":{"@id":"https:\/\/www.caviti.es\/en\/sustainability\/#breadcrumb"},"inLanguage":"en-US","potentialAction":[{"@type":"ReadAction","target":["https:\/\/www.caviti.es\/en\/sustainability\/"]}]},{"@type":"ImageObject","inLanguage":"en-US","@id":"https:\/\/www.caviti.es\/en\/sustainability\/#primaryimage","url":"https:\/\/www.caviti.es\/wp-content\/uploads\/2022\/04\/Icono-EPD-para-Sostenibilidad.jpg","contentUrl":"https:\/\/www.caviti.es\/wp-content\/uploads\/2022\/04\/Icono-EPD-para-Sostenibilidad.jpg"},{"@type":"BreadcrumbList","@id":"https:\/\/www.caviti.es\/en\/sustainability\/#breadcrumb","itemListElement":[{"@type":"ListItem","position":1,"name":"Home","item":"https:\/\/www.caviti.es\/en\/home\/"},{"@type":"ListItem","position":2,"name":"Sustainability"}]},{"@type":"WebSite","@id":"https:\/\/www.caviti.es\/en\/#website","url":"https:\/\/www.caviti.es\/en\/","name":"Caviti","description":"Sistema de encofrados para la construcci\u00f3n","publisher":{"@id":"https:\/\/www.caviti.es\/en\/#organization"},"potentialAction":[{"@type":"SearchAction","target":{"@type":"EntryPoint","urlTemplate":"https:\/\/www.caviti.es\/en\/?s={search_term_string}"},"query-input":{"@type":"PropertyValueSpecification","valueRequired":true,"valueName":"search_term_string"}}],"inLanguage":"en-US"},{"@type":"Organization","@id":"https:\/\/www.caviti.es\/en\/#organization","name":"Caviti","url":"https:\/\/www.caviti.es\/en\/","logo":{"@type":"ImageObject","inLanguage":"en-US","@id":"https:\/\/www.caviti.es\/en\/#\/schema\/logo\/image\/","url":"https:\/\/www.caviti.es\/wp-content\/uploads\/2022\/07\/logo-caviti.svg","contentUrl":"https:\/\/www.caviti.es\/wp-content\/uploads\/2022\/07\/logo-caviti.svg","width":638,"height":148,"caption":"Caviti"},"image":{"@id":"https:\/\/www.caviti.es\/en\/#\/schema\/logo\/image\/"}}]}},"_links":{"self":[{"href":"https:\/\/www.caviti.es\/en\/wp-json\/wp\/v2\/pages\/4418","targetHints":{"allow":["GET"]}}],"collection":[{"href":"https:\/\/www.caviti.es\/en\/wp-json\/wp\/v2\/pages"}],"about":[{"href":"https:\/\/www.caviti.es\/en\/wp-json\/wp\/v2\/types\/page"}],"author":[{"embeddable":true,"href":"https:\/\/www.caviti.es\/en\/wp-json\/wp\/v2\/users\/2"}],"replies":[{"embeddable":true,"href":"https:\/\/www.caviti.es\/en\/wp-json\/wp\/v2\/comments?post=4418"}],"version-history":[{"count":8,"href":"https:\/\/www.caviti.es\/en\/wp-json\/wp\/v2\/pages\/4418\/revisions"}],"predecessor-version":[{"id":5171,"href":"https:\/\/www.caviti.es\/en\/wp-json\/wp\/v2\/pages\/4418\/revisions\/5171"}],"wp:attachment":[{"href":"https:\/\/www.caviti.es\/en\/wp-json\/wp\/v2\/media?parent=4418"}],"curies":[{"name":"wp","href":"https:\/\/api.w.org\/{rel}","templated":true}]}}